{"id":215072,"date":"2017-10-09T13:32:00","date_gmt":"2017-10-09T13:32:00","guid":{"rendered":"http:\/\/newsroom.gindumac.com\/?page_id=215072"},"modified":"2025-01-10T12:45:30","modified_gmt":"2025-01-10T12:45:30","slug":"presse","status":"publish","type":"page","link":"https:\/\/newsroom.gindumac.com\/de\/presse\/","title":{"rendered":"Presse"},"content":{"rendered":"<p>[et_pb_section fb_built=&#8220;1&#8243; inner_shadow=&#8220;on&#8220; fullwidth=&#8220;on&#8220; module_id=&#8220;back-to-the-top&#8220; _builder_version=&#8220;4.7.4&#8243; background_image=&#8220;https:\/\/newsroom.gindumac.com\/wp-content\/uploads\/2024\/08\/GM-Backgrounds.png&#8220;][et_pb_fullwidth_header title=&#8220;Presse&#8220; subhead=&#8220;Wir freuen uns auf die Zusammenarbeit&#8220; _builder_version=&#8220;4.7.4&#8243; title_text_align=&#8220;left&#8220; subhead_text_color=&#8220;#e3f988&#8243; background_color=&#8220;rgba(255, 255, 255, 0)&#8220; button_one_text_size__hover_enabled=&#8220;off&#8220; button_one_text_size__hover=&#8220;null&#8220; button_two_text_size__hover_enabled=&#8220;off&#8220; button_two_text_size__hover=&#8220;null&#8220; button_one_text_color__hover_enabled=&#8220;off&#8220; button_one_text_color__hover=&#8220;null&#8220; button_two_text_color__hover_enabled=&#8220;off&#8220; button_two_text_color__hover=&#8220;null&#8220; button_one_border_width__hover_enabled=&#8220;off&#8220; button_one_border_width__hover=&#8220;null&#8220; button_two_border_width__hover_enabled=&#8220;off&#8220; button_two_border_width__hover=&#8220;null&#8220; button_one_border_color__hover_enabled=&#8220;off&#8220; button_one_border_color__hover=&#8220;null&#8220; button_two_border_color__hover_enabled=&#8220;off&#8220; button_two_border_color__hover=&#8220;null&#8220; button_one_border_radius__hover_enabled=&#8220;off&#8220; button_one_border_radius__hover=&#8220;null&#8220; button_two_border_radius__hover_enabled=&#8220;off&#8220; button_two_border_radius__hover=&#8220;null&#8220; button_one_letter_spacing__hover_enabled=&#8220;off&#8220; button_one_letter_spacing__hover=&#8220;null&#8220; button_two_letter_spacing__hover_enabled=&#8220;off&#8220; button_two_letter_spacing__hover=&#8220;null&#8220; button_one_bg_color__hover_enabled=&#8220;off&#8220; button_one_bg_color__hover=&#8220;null&#8220; button_two_bg_color__hover_enabled=&#8220;off&#8220; button_two_bg_color__hover=&#8220;null&#8220;][\/et_pb_fullwidth_header][\/et_pb_section][et_pb_section fb_built=&#8220;1&#8243; _builder_version=&#8220;4.7.4&#8243; background_color=&#8220;#ffffff&#8220; custom_margin=&#8220;||0px|&#8220; custom_padding=&#8220;||0px|&#8220; locked=&#8220;off&#8220;][et_pb_row column_structure=&#8220;1_2,1_2&#8243; _builder_version=&#8220;4.7.4&#8243; _module_preset=&#8220;default&#8220; custom_padding=&#8220;||3px|||&#8220;][et_pb_column type=&#8220;1_2&#8243; _builder_version=&#8220;4.7.4&#8243; _module_preset=&#8220;default&#8220;][et_pb_text _builder_version=&#8220;4.7.4&#8243; _module_preset=&#8220;default&#8220;]<\/p>\n<h2><strong>Pressemitteilungen<\/strong><\/h2>\n<p>[\/et_pb_text][\/et_pb_column][et_pb_column type=&#8220;1_2&#8243; _builder_version=&#8220;4.7.4&#8243; _module_preset=&#8220;default&#8220;][\/et_pb_column][\/et_pb_row][et_pb_row column_structure=&#8220;1_2,1_2&#8243; _builder_version=&#8220;4.7.4&#8243; _module_preset=&#8220;default&#8220;][et_pb_column type=&#8220;1_2&#8243; _builder_version=&#8220;4.7.4&#8243; _module_preset=&#8220;default&#8220;][et_pb_text _builder_version=&#8220;4.7.4&#8243; _dynamic_attributes=&#8220;link_option_url&#8220; _module_preset=&#8220;default&#8220; custom_margin=&#8220;||10px|||&#8220; link_option_url=&#8220;@ET-DC@eyJkeW5hbWljIjp0cnVlLCJjb250ZW50IjoicG9zdF9saW5rX3VybF9wYWdlIiwic2V0dGluZ3MiOnsicG9zdF9pZCI6IjIzMDAwNSJ9fQ==@&#8220;]<\/p>\n<h1>GINDUMAC \u00fcbernimmt Aktivit\u00e4ten der Machinery Purchase &amp; Fulfillment GmbH in die Unternehmensgruppe<\/h1>\n<p><scribe-shadow id=\"crxjs-ext\" style=\"position: fixed; width: 0px; height: 0px; top: 0px; left: 0px; z-index: 2147483647; overflow: visible;\"><\/scribe-shadow><\/p>\n<p>[\/et_pb_text][et_pb_text _builder_version=&#8220;4.7.4&#8243; _module_preset=&#8220;default&#8220;]<\/p>\n<p>Kaiserslautern, 10\/01\/2025<\/p>\n<p>[\/et_pb_text][et_pb_text _builder_version=&#8220;4.7.4&#8243; _module_preset=&#8220;default&#8220; custom_padding=&#8220;||5px|||&#8220; link_option_url=&#8220;https:\/\/newsroom.gindumac.com\/de\/presse\/pressemitteilungen\/mehr-als-an-und-verkauf-gebrauchtmaschinenhandel-liefert-positiven-beitrag-zur-co2-bilanz\/&#8220;]<\/p>\n<p><span style=\"font-size: 14px;\">GINDUMAC hat die Aktivit\u00e4ten der Machinery Purchase &amp; Fulfillment GmbH (MPF GmbH) in ihr Kerngesch\u00e4ft integriert. Urspr\u00fcnglich wurde die MPF GmbH gegr\u00fcndet, um die Einkaufskapazit\u00e4ten von GINDUMAC durch Direktinvestitionen mit einem speziellen Fonds gezielt zu erh\u00f6hen. Die MPF GmbH wurde nun geschlossen und ihre Expertise und Ressourcen vollst\u00e4ndig in GINDUMAC eingebettet. <\/span><a href=\"https:\/\/newsroom.gindumac.com\/de\/presse\/pressemitteilungen\/gindumac-uebernimmt-aktivitaeten-der-machinery-purchase-fulfillment-gmbh-in-die-unternehmensgruppe\/\"><span style=\"color: #00ccff;\">[&#8230;]<\/span><\/a><\/p>\n<p>[\/et_pb_text][et_pb_button button_url=&#8220;@ET-DC@eyJkeW5hbWljIjp0cnVlLCJjb250ZW50IjoicG9zdF9saW5rX3VybF9wYWdlIiwic2V0dGluZ3MiOnsicG9zdF9pZCI6IjIzMDAwNSJ9fQ==@&#8220; button_text=&#8220;Zur Pressemitteilung&#8220; button_alignment=&#8220;left&#8220; _builder_version=&#8220;4.7.4&#8243; _dynamic_attributes=&#8220;button_url&#8220; _module_preset=&#8220;default&#8220; custom_button=&#8220;on&#8220; button_text_color=&#8220;#000000&#8243; button_use_icon=&#8220;off&#8220;][\/et_pb_button][\/et_pb_column][et_pb_column type=&#8220;1_2&#8243; _builder_version=&#8220;4.7.4&#8243; _module_preset=&#8220;default&#8220;][et_pb_image src=&#8220;https:\/\/newsroom.gindumac.com\/wp-content\/uploads\/2025\/01\/IMG_MPF_Logo.jpg&#8220; title_text=&#8220;IMG_MPF_Logo&#8220; url=&#8220;@ET-DC@eyJkeW5hbWljIjp0cnVlLCJjb250ZW50IjoicG9zdF9saW5rX3VybF9wYWdlIiwic2V0dGluZ3MiOnsicG9zdF9pZCI6IjIzMDAwNSJ9fQ==@&#8220; _builder_version=&#8220;4.7.4&#8243; _dynamic_attributes=&#8220;url&#8220; _module_preset=&#8220;default&#8220;][\/et_pb_image][\/et_pb_column][\/et_pb_row][et_pb_row _builder_version=&#8220;4.7.4&#8243; _module_preset=&#8220;default&#8220; custom_padding=&#8220;24px||1px|||&#8220;][et_pb_column type=&#8220;4_4&#8243; _builder_version=&#8220;4.7.4&#8243; _module_preset=&#8220;default&#8220;][et_pb_divider _builder_version=&#8220;4.7.4&#8243; _module_preset=&#8220;default&#8220;][\/et_pb_divider][\/et_pb_column][\/et_pb_row][et_pb_row _builder_version=&#8220;4.7.4&#8243; _module_preset=&#8220;default&#8220;][et_pb_column type=&#8220;4_4&#8243; _builder_version=&#8220;4.7.4&#8243; _module_preset=&#8220;default&#8220;][et_pb_blog fullwidth=&#8220;off&#8220; post_type=&#8220;page&#8220; posts_number=&#8220;9&#8243; show_more=&#8220;on&#8220; show_author=&#8220;off&#8220; show_categories=&#8220;off&#8220; show_pagination=&#8220;off&#8220; offset_number=&#8220;2&#8243; _builder_version=&#8220;4.7.4&#8243; _module_preset=&#8220;default&#8220;][\/et_pb_blog][\/et_pb_column][\/et_pb_row][et_pb_row _builder_version=&#8220;4.7.4&#8243; _module_preset=&#8220;default&#8220; custom_padding=&#8220;24px||1px|||&#8220;][et_pb_column type=&#8220;4_4&#8243; _builder_version=&#8220;4.7.4&#8243; _module_preset=&#8220;default&#8220;][et_pb_divider _builder_version=&#8220;4.7.4&#8243; _module_preset=&#8220;default&#8220; custom_padding=&#8220;||42px|||&#8220;][\/et_pb_divider][\/et_pb_column][\/et_pb_row][\/et_pb_section][et_pb_section fb_built=&#8220;1&#8243; _builder_version=&#8220;4.7.4&#8243; background_color=&#8220;#f5f5f5&#8243; custom_margin=&#8220;||0px|&#8220; custom_padding=&#8220;||0px|&#8220; locked=&#8220;off&#8220;][et_pb_row _builder_version=&#8220;4.7.4&#8243; _module_preset=&#8220;default&#8220;][et_pb_column type=&#8220;4_4&#8243; _builder_version=&#8220;4.7.4&#8243; _module_preset=&#8220;default&#8220;][et_pb_text _builder_version=&#8220;4.7.4&#8243; _module_preset=&#8220;default&#8220;]<\/p>\n<h2><strong>\u00dcber GINDUMAC<\/strong><\/h2>\n<p>[\/et_pb_text][et_pb_text _builder_version=&#8220;4.7.4&#8243; _module_preset=&#8220;default&#8220;]<\/p>\n<p>GINDUMAC betreibt eine Online-Plattform f\u00fcr den weltweiten Gebrauchtmaschinenhandel. F\u00fcr Verk\u00e4ufer und K\u00e4ufer von gebrauchten Industriemaschinen bietet GINDUMAC eine komplette Transaktionsabwicklung mit Rundum-Sorglos-Paket. Das Unternehmen fokussiert sich auf das Back-to-Back-Gesch\u00e4ft von Gebrauchtmaschinen der Metall-, Blech- und Kunststoffverarbeitung verschiedener internationaler Hersteller. Mehr I<span>nformation auf <span style=\"color: #0c71c3;\"><a href=\"www.gindumac.com\" style=\"color: #0c71c3;\">www.gindumac.com<\/a><\/span>.<\/span><\/p>\n<p>[\/et_pb_text][\/et_pb_column][\/et_pb_row][\/et_pb_section][et_pb_section fb_built=&#8220;1&#8243; _builder_version=&#8220;4.7.4&#8243; background_color=&#8220;#ffffff&#8220; custom_margin=&#8220;||0px|&#8220; custom_padding=&#8220;||0px|&#8220; locked=&#8220;off&#8220;][et_pb_row column_structure=&#8220;1_2,1_2&#8243; _builder_version=&#8220;4.7.4&#8243; _module_preset=&#8220;default&#8220;][et_pb_column type=&#8220;1_2&#8243; _builder_version=&#8220;4.7.4&#8243; _module_preset=&#8220;default&#8220;][et_pb_text _builder_version=&#8220;4.7.4&#8243; _module_preset=&#8220;default&#8220;]<\/p>\n<h2><strong>Media Download<\/strong><\/h2>\n<p>[\/et_pb_text][\/et_pb_column][et_pb_column type=&#8220;1_2&#8243; _builder_version=&#8220;4.7.4&#8243; _module_preset=&#8220;default&#8220;][\/et_pb_column][\/et_pb_row][et_pb_row column_structure=&#8220;1_2,1_2&#8243; _builder_version=&#8220;4.7.4&#8243; _module_preset=&#8220;default&#8220; custom_padding=&#8220;4px|||||&#8220;][et_pb_column type=&#8220;1_2&#8243; _builder_version=&#8220;4.7.4&#8243; _module_preset=&#8220;default&#8220;][et_pb_blurb title=&#8220;GINDUMAC Logo Pack&#8220; url=&#8220;https:\/\/newsroom.gindumac.com\/wp-content\/uploads\/2023\/02\/GINDUMAC_Logo-Pack.zip&#8220; use_icon=&#8220;on&#8220; font_icon=&#8220;%%266%%&#8220; icon_placement=&#8220;left&#8220; _builder_version=&#8220;4.7.4&#8243; _module_preset=&#8220;default&#8220; link_option_url=&#8220;https:\/\/newsroom.gindumac.com\/wp-content\/uploads\/2023\/02\/GINDUMAC_Logo-Pack.zip&#8220;]<\/p>\n<p>Hier klicken<\/p>\n<p>[\/et_pb_blurb][et_pb_image src=&#8220;https:\/\/newsroom.gindumac.com\/wp-content\/uploads\/2023\/02\/GINDUMAC_Logo-Pack.png&#8220; title_text=&#8220;GINDUMAC_Logo-Pack&#8220; show_in_lightbox=&#8220;on&#8220; _builder_version=&#8220;4.7.4&#8243; _module_preset=&#8220;default&#8220;][\/et_pb_image][\/et_pb_column][et_pb_column type=&#8220;1_2&#8243; _builder_version=&#8220;4.7.4&#8243; _module_preset=&#8220;default&#8220;][et_pb_blurb title=&#8220;GINDUMAC Co-CEOs&#8220; url=&#8220;https:\/\/newsroom.gindumac.com\/wp-content\/uploads\/2023\/02\/IMG_GM_Neue-Fuehrungspitze-Kaiser-Ruf.png&#8220; url_new_window=&#8220;on&#8220; use_icon=&#8220;on&#8220; font_icon=&#8220;%%266%%&#8220; icon_placement=&#8220;left&#8220; _builder_version=&#8220;4.7.4&#8243; _module_preset=&#8220;default&#8220; link_option_url=&#8220;https:\/\/newsroom.gindumac.com\/wp-content\/uploads\/2023\/02\/IMG_GM_Neue-Fuehrungspitze-Kaiser-Ruf.png&#8220; link_option_url_new_window=&#8220;on&#8220;]<\/p>\n<p>Hier klicken<\/p>\n<p>[\/et_pb_blurb][et_pb_image src=&#8220;https:\/\/newsroom.gindumac.com\/wp-content\/uploads\/2023\/02\/IMG_GM_Neue-Fuehrungspitze-Kaiser-Ruf.png&#8220; title_text=&#8220;IMG_GM_Neue-Fuehrungspitze-Kaiser-Ruf&#8220; show_in_lightbox=&#8220;on&#8220; _builder_version=&#8220;4.7.4&#8243; _module_preset=&#8220;default&#8220;][\/et_pb_image][\/et_pb_column][\/et_pb_row][\/et_pb_section][et_pb_section fb_built=&#8220;1&#8243; _builder_version=&#8220;4.7.4&#8243; background_color=&#8220;#f5f5f5&#8243; custom_padding=&#8220;54px|0px|0px|0px&#8220; global_module=&#8220;215049&#8243;][et_pb_row column_structure=&#8220;1_3,1_3,1_3&#8243; _builder_version=&#8220;4.7.4&#8243; _module_preset=&#8220;default&#8220;][et_pb_column type=&#8220;1_3&#8243; _builder_version=&#8220;4.7.4&#8243; _module_preset=&#8220;default&#8220;][et_pb_text _builder_version=&#8220;4.7.4&#8243; _module_preset=&#8220;default&#8220;]<\/p>\n<p><span style=\"color: #000000;\"><strong>Der Newsroom von GINDUMAC<\/strong><\/span><br \/><span style=\"color: #000000;\"> Gefertigt von Gebrauchtmaschinenexperten<\/span><\/p>\n<p><span style=\"color: #000000;\">GINDUMAC GmbH<\/span><br \/><span style=\"color: #000000;\"> Trippstadter Strasse 110<\/span><br \/><span style=\"color: #000000;\"> 67663 Kaiserslautern<\/span><br \/><span style=\"color: #000000;\"> Deutschland<\/span><\/p>\n<p>[\/et_pb_text][\/et_pb_column][et_pb_column type=&#8220;1_3&#8243; _builder_version=&#8220;4.7.4&#8243; _module_preset=&#8220;default&#8220;][et_pb_text _builder_version=&#8220;4.7.4&#8243; _module_preset=&#8220;default&#8220;]<\/p>\n<p><span style=\"color: #000000;\"><strong>Kauf und Verkauf von Gebrauchtmaschinen<br \/><\/strong>Besuchen <a href=\"http:\/\/www.gindumac.de\" target=\"_blank\" rel=\"noopener noreferrer\" style=\"color: #000000;\">www.gindumac.de<\/a><\/span><\/p>\n<p><span style=\"color: #000000;\"><a href=\"https:\/\/www.gindumac.de\/verkaufsprozess\" style=\"color: #000000;\">Verkaufen<\/a><\/span><br \/><span style=\"color: #000000;\"><a href=\"https:\/\/www.gindumac.de\/produkte\" style=\"color: #000000;\">Kaufen<\/a><\/span><\/p>\n<p><span style=\"color: #000000;\"><a href=\"https:\/\/www.gindumac.de\/Datenschutz\" style=\"color: #000000;\">Datenschutz<br \/><\/a><a href=\"https:\/\/www.gindumac.de\/impressum\" style=\"color: #000000;\">Impressum<\/a><\/span><\/p>\n<p><span style=\"color: #000000;\">\u00a0<\/span><\/p>\n<p>[\/et_pb_text][\/et_pb_column][et_pb_column type=&#8220;1_3&#8243; _builder_version=&#8220;4.7.4&#8243; _module_preset=&#8220;default&#8220;][et_pb_text _builder_version=&#8220;4.7.4&#8243; _module_preset=&#8220;default&#8220;]<\/p>\n<p><strong>Folgen Sie uns in sozialen Netzwerken<\/strong><\/p>\n<p>[\/et_pb_text][et_pb_social_media_follow url_new_window=&#8220;off&#8220; _builder_version=&#8220;3.22.7&#8243; text_orientation=&#8220;left&#8220; custom_margin=&#8220;0px|0px|0px|0px&#8220; custom_padding=&#8220;0px|0px|0px|0px&#8220; z_index_tablet=&#8220;500&#8243;][et_pb_social_media_follow_network social_network=&#8220;facebook&#8220; url=&#8220;http:\/\/www.facebook.com\/gindumac&#8220; _builder_version=&#8220;3.0.74&#8243; background_color=&#8220;#3b5998&#8243; follow_button=&#8220;off&#8220; url_new_window=&#8220;off&#8220;]Facebook[\/et_pb_social_media_follow_network][et_pb_social_media_follow_network social_network=&#8220;twitter&#8220; url=&#8220;http:\/\/www.twitter.com\/gindumac&#8220; _builder_version=&#8220;3.0.74&#8243; background_color=&#8220;#00aced&#8220; follow_button=&#8220;off&#8220; url_new_window=&#8220;off&#8220;]Twitter[\/et_pb_social_media_follow_network][et_pb_social_media_follow_network social_network=&#8220;instagram&#8220; url=&#8220;http:\/\/www.instagram.com\/gindumac&#8220; _builder_version=&#8220;3.0.74&#8243; background_color=&#8220;#517fa4&#8243; follow_button=&#8220;off&#8220; url_new_window=&#8220;off&#8220;]Instagram[\/et_pb_social_media_follow_network][et_pb_social_media_follow_network social_network=&#8220;linkedin&#8220; url=&#8220;https:\/\/www.linkedin.com\/company\/10917397\/&#8220; _builder_version=&#8220;3.0.74&#8243; background_color=&#8220;#007bb6&#8243; follow_button=&#8220;off&#8220; url_new_window=&#8220;off&#8220;]LinkedIn[\/et_pb_social_media_follow_network][\/et_pb_social_media_follow][\/et_pb_column][\/et_pb_row][\/et_pb_section]<\/p>\n","protected":false},"excerpt":{"rendered":"<p>[et_pb_section fb_built=&#8220;1&#8243; inner_shadow=&#8220;on&#8220; fullwidth=&#8220;on&#8220; module_id=&#8220;back-to-the-top&#8220; _builder_version=&#8220;4.7.4&#8243; background_image=&#8220;https:\/\/newsroom.gindumac.com\/wp-content\/uploads\/2024\/08\/GM-Backgrounds.png&#8220;][et_pb_fullwidth_header title=&#8220;Presse&#8220; subhead=&#8220;Wir freuen uns auf die Zusammenarbeit&#8220; _builder_version=&#8220;4.7.4&#8243; title_text_align=&#8220;left&#8220; subhead_text_color=&#8220;#e3f988&#8243; background_color=&#8220;rgba(255, 255, 255, 0)&#8220; button_one_text_size__hover_enabled=&#8220;off&#8220; button_one_text_size__hover=&#8220;null&#8220; button_two_text_size__hover_enabled=&#8220;off&#8220; button_two_text_size__hover=&#8220;null&#8220; button_one_text_color__hover_enabled=&#8220;off&#8220; button_one_text_color__hover=&#8220;null&#8220; button_two_text_color__hover_enabled=&#8220;off&#8220; button_two_text_color__hover=&#8220;null&#8220; button_one_border_width__hover_enabled=&#8220;off&#8220; button_one_border_width__hover=&#8220;null&#8220; button_two_border_width__hover_enabled=&#8220;off&#8220; button_two_border_width__hover=&#8220;null&#8220; button_one_border_color__hover_enabled=&#8220;off&#8220; button_one_border_color__hover=&#8220;null&#8220; button_two_border_color__hover_enabled=&#8220;off&#8220; button_two_border_color__hover=&#8220;null&#8220; button_one_border_radius__hover_enabled=&#8220;off&#8220; button_one_border_radius__hover=&#8220;null&#8220; button_two_border_radius__hover_enabled=&#8220;off&#8220; button_two_border_radius__hover=&#8220;null&#8220; button_one_letter_spacing__hover_enabled=&#8220;off&#8220; button_one_letter_spacing__hover=&#8220;null&#8220; button_two_letter_spacing__hover_enabled=&#8220;off&#8220; button_two_letter_spacing__hover=&#8220;null&#8220; button_one_bg_color__hover_enabled=&#8220;off&#8220; button_one_bg_color__hover=&#8220;null&#8220; button_two_bg_color__hover_enabled=&#8220;off&#8220; button_two_bg_color__hover=&#8220;null&#8220;][\/et_pb_fullwidth_header][\/et_pb_section][et_pb_section fb_built=&#8220;1&#8243; _builder_version=&#8220;4.7.4&#8243; background_color=&#8220;#ffffff&#8220; custom_margin=&#8220;||0px|&#8220; custom_padding=&#8220;||0px|&#8220; locked=&#8220;off&#8220;][et_pb_row [&hellip;]<\/p>\n","protected":false},"author":4,"featured_media":0,"parent":0,"menu_order":0,"comment_status":"closed","ping_status":"closed","template":"","meta":{"_et_pb_use_builder":"on","_et_pb_old_content":"","_et_gb_content_width":""},"yoast_head":"<!-- This site is optimized with the Yoast SEO plugin v20.1 - https:\/\/yoast.com\/wordpress\/plugins\/seo\/ -->\n<title>Pressebereich | Der GINDUMAC Newsroom<\/title>\n<meta name=\"description\" content=\"M\u00f6chten Sie \u00fcber GINDUMAC berichten? Im Pressebereich finden Sie Pressemitteilungen und Pressematerialien zu Ihrer Verf\u00fcgung.\" \/>\n<meta name=\"robots\" content=\"index, follow, max-snippet:-1, max-image-preview:large, max-video-preview:-1\" \/>\n<link rel=\"canonical\" href=\"https:\/\/newsroom.gindumac.com\/de\/presse\/\" \/>\n<meta property=\"og:locale\" content=\"de_DE\" \/>\n<meta property=\"og:type\" content=\"article\" \/>\n<meta property=\"og:title\" content=\"Pressebereich | Der GINDUMAC Newsroom\" \/>\n<meta property=\"og:description\" content=\"M\u00f6chten Sie \u00fcber GINDUMAC berichten? Im Pressebereich finden Sie Pressemitteilungen und Pressematerialien zu Ihrer Verf\u00fcgung.\" \/>\n<meta property=\"og:url\" content=\"https:\/\/newsroom.gindumac.com\/de\/presse\/\" \/>\n<meta property=\"og:site_name\" content=\"The GINDUMAC Newsroom\" \/>\n<meta property=\"article:modified_time\" content=\"2025-01-10T12:45:30+00:00\" \/>\n<meta name=\"twitter:card\" content=\"summary_large_image\" \/>\n<meta name=\"twitter:label1\" content=\"Gesch\u00e4tzte Lesezeit\" \/>\n\t<meta name=\"twitter:data1\" content=\"2\u00a0Minuten\" \/>\n<script type=\"application\/ld+json\" class=\"yoast-schema-graph\">{\"@context\":\"https:\/\/schema.org\",\"@graph\":[{\"@type\":\"WebPage\",\"@id\":\"https:\/\/newsroom.gindumac.com\/de\/presse\/\",\"url\":\"https:\/\/newsroom.gindumac.com\/de\/presse\/\",\"name\":\"Pressebereich | Der GINDUMAC Newsroom\",\"isPartOf\":{\"@id\":\"https:\/\/newsroom.gindumac.com\/#website\"},\"datePublished\":\"2017-10-09T13:32:00+00:00\",\"dateModified\":\"2025-01-10T12:45:30+00:00\",\"description\":\"M\u00f6chten Sie \u00fcber GINDUMAC berichten? Im Pressebereich finden Sie Pressemitteilungen und Pressematerialien zu Ihrer Verf\u00fcgung.\",\"breadcrumb\":{\"@id\":\"https:\/\/newsroom.gindumac.com\/de\/presse\/#breadcrumb\"},\"inLanguage\":\"de\",\"potentialAction\":[{\"@type\":\"ReadAction\",\"target\":[\"https:\/\/newsroom.gindumac.com\/de\/presse\/\"]}]},{\"@type\":\"BreadcrumbList\",\"@id\":\"https:\/\/newsroom.gindumac.com\/de\/presse\/#breadcrumb\",\"itemListElement\":[{\"@type\":\"ListItem\",\"position\":1,\"name\":\"Home\",\"item\":\"https:\/\/newsroom.gindumac.com\/de\/\"},{\"@type\":\"ListItem\",\"position\":2,\"name\":\"Presse\"}]},{\"@type\":\"WebSite\",\"@id\":\"https:\/\/newsroom.gindumac.com\/#website\",\"url\":\"https:\/\/newsroom.gindumac.com\/\",\"name\":\"The GINDUMAC Newsroom\",\"description\":\"Used Machinery News &amp; Stories\",\"potentialAction\":[{\"@type\":\"SearchAction\",\"target\":{\"@type\":\"EntryPoint\",\"urlTemplate\":\"https:\/\/newsroom.gindumac.com\/?s={search_term_string}\"},\"query-input\":\"required name=search_term_string\"}],\"inLanguage\":\"de\"}]}<\/script>\n<!-- \/ Yoast SEO plugin. -->","yoast_head_json":{"title":"Pressebereich | Der GINDUMAC Newsroom","description":"M\u00f6chten Sie \u00fcber GINDUMAC berichten? Im Pressebereich finden Sie Pressemitteilungen und Pressematerialien zu Ihrer Verf\u00fcgung.","robots":{"index":"index","follow":"follow","max-snippet":"max-snippet:-1","max-image-preview":"max-image-preview:large","max-video-preview":"max-video-preview:-1"},"canonical":"https:\/\/newsroom.gindumac.com\/de\/presse\/","og_locale":"de_DE","og_type":"article","og_title":"Pressebereich | Der GINDUMAC Newsroom","og_description":"M\u00f6chten Sie \u00fcber GINDUMAC berichten? Im Pressebereich finden Sie Pressemitteilungen und Pressematerialien zu Ihrer Verf\u00fcgung.","og_url":"https:\/\/newsroom.gindumac.com\/de\/presse\/","og_site_name":"The GINDUMAC Newsroom","article_modified_time":"2025-01-10T12:45:30+00:00","twitter_card":"summary_large_image","twitter_misc":{"Gesch\u00e4tzte Lesezeit":"2\u00a0Minuten"},"schema":{"@context":"https:\/\/schema.org","@graph":[{"@type":"WebPage","@id":"https:\/\/newsroom.gindumac.com\/de\/presse\/","url":"https:\/\/newsroom.gindumac.com\/de\/presse\/","name":"Pressebereich | Der GINDUMAC Newsroom","isPartOf":{"@id":"https:\/\/newsroom.gindumac.com\/#website"},"datePublished":"2017-10-09T13:32:00+00:00","dateModified":"2025-01-10T12:45:30+00:00","description":"M\u00f6chten Sie \u00fcber GINDUMAC berichten? Im Pressebereich finden Sie Pressemitteilungen und Pressematerialien zu Ihrer Verf\u00fcgung.","breadcrumb":{"@id":"https:\/\/newsroom.gindumac.com\/de\/presse\/#breadcrumb"},"inLanguage":"de","potentialAction":[{"@type":"ReadAction","target":["https:\/\/newsroom.gindumac.com\/de\/presse\/"]}]},{"@type":"BreadcrumbList","@id":"https:\/\/newsroom.gindumac.com\/de\/presse\/#breadcrumb","itemListElement":[{"@type":"ListItem","position":1,"name":"Home","item":"https:\/\/newsroom.gindumac.com\/de\/"},{"@type":"ListItem","position":2,"name":"Presse"}]},{"@type":"WebSite","@id":"https:\/\/newsroom.gindumac.com\/#website","url":"https:\/\/newsroom.gindumac.com\/","name":"The GINDUMAC Newsroom","description":"Used Machinery News &amp; Stories","potentialAction":[{"@type":"SearchAction","target":{"@type":"EntryPoint","urlTemplate":"https:\/\/newsroom.gindumac.com\/?s={search_term_string}"},"query-input":"required name=search_term_string"}],"inLanguage":"de"}]}},"_links":{"self":[{"href":"https:\/\/newsroom.gindumac.com\/de\/wp-json\/wp\/v2\/pages\/215072"}],"collection":[{"href":"https:\/\/newsroom.gindumac.com\/de\/wp-json\/wp\/v2\/pages"}],"about":[{"href":"https:\/\/newsroom.gindumac.com\/de\/wp-json\/wp\/v2\/types\/page"}],"author":[{"embeddable":true,"href":"https:\/\/newsroom.gindumac.com\/de\/wp-json\/wp\/v2\/users\/4"}],"replies":[{"embeddable":true,"href":"https:\/\/newsroom.gindumac.com\/de\/wp-json\/wp\/v2\/comments?post=215072"}],"version-history":[{"count":40,"href":"https:\/\/newsroom.gindumac.com\/de\/wp-json\/wp\/v2\/pages\/215072\/revisions"}],"predecessor-version":[{"id":230023,"href":"https:\/\/newsroom.gindumac.com\/de\/wp-json\/wp\/v2\/pages\/215072\/revisions\/230023"}],"wp:attachment":[{"href":"https:\/\/newsroom.gindumac.com\/de\/wp-json\/wp\/v2\/media?parent=215072"}],"curies":[{"name":"wp","href":"https:\/\/api.w.org\/{rel}","templated":true}]}}